{"id":20,"date":"2026-03-26T10:09:52","date_gmt":"2026-03-26T09:09:52","guid":{"rendered":"https:\/\/quiltloft.ch\/cms\/?page_id=20"},"modified":"2026-03-27T10:11:24","modified_gmt":"2026-03-27T09:11:24","slug":"galerie","status":"publish","type":"page","link":"https:\/\/quiltloft.ch\/cms\/galerie\/","title":{"rendered":"Galerie"},"content":{"rendered":"\t\t<div data-elementor-type=\"wp-page\" data-elementor-id=\"20\" class=\"elementor elementor-20\">\n\t\t\t\t<div class=\"elementor-element elementor-element-02fe246 e-flex e-con-boxed e-con e-parent\" data-id=\"02fe246\" data-element_type=\"container\" data-e-type=\"container\" data-settings=\"{&quot;background_background&quot;:&quot;classic&quot;}\">\n\t\t\t\t\t<div class=\"e-con-inner\">\n\t\t\t\t<div class=\"elementor-element elementor-element-5268a48 elementor-hidden-tablet elementor-hidden-mobile elementor-widget elementor-widget-spacer\" data-id=\"5268a48\" data-element_type=\"widget\" data-e-type=\"widget\" data-widget_type=\"spacer.default\">\n\t\t\t\t\t\t\t<div class=\"elementor-spacer\">\n\t\t\t<div class=\"elementor-spacer-inner\"><\/div>\n\t\t<\/div>\n\t\t\t\t\t\t<\/div>\n\t\t\t\t<div class=\"elementor-element elementor-element-e09905c elementor-widget elementor-widget-html\" data-id=\"e09905c\" data-element_type=\"widget\" data-e-type=\"widget\" data-widget_type=\"html.default\">\n\t\t\t\t\t<div class=\"rainbow-wrapper\">\n    <h1 class=\"text outline\">QUILTLOFT.CH<\/h1>\n    <h1 class=\"text fill\">QUILTLOFT.CH<\/h1>\n<\/div>\n\n<style>\n.rainbow-wrapper {\n    position: relative;\n    background: #000;\n    padding: 30px 20px;\n    display: flex;\n    align-items: center;\n    justify-content: center;\n    overflow: hidden;\n}\n\n\/* TEXT *\/\n.text {\n    position: absolute;\n    top: 50%;\n    left: 50%;\n    transform: translate(-50%, -50%);\n    margin: 0;\n    text-align: center;\n\n    \/* \ud83d\udd25 BESSERE RESPONSIVE GR\u00d6SSE *\/\n    font-size: clamp(32px, 7vw, 70px);\n\n    font-weight: 900;\n    letter-spacing: 2px;\n\n    max-width: 100%;\n    white-space: nowrap;\n\n    will-change: -webkit-mask-position, opacity;\n\n    background: linear-gradient(\n        90deg,\n        red, orange, yellow, lime, cyan, blue, violet, red\n    );\n    background-size: 200%;\n}\n\n\/* \ud83d\udd25 OUTLINE *\/\n.outline {\n    -webkit-background-clip: text;\n    -webkit-text-fill-color: transparent;\n    -webkit-text-stroke: 2px transparent;\n\n    z-index: 1;\n\n    -webkit-mask-image: linear-gradient(\n        to right,\n        transparent 0%,\n        black 10%,\n        black 90%,\n        transparent 100%\n    );\n\n    -webkit-mask-size: 200% 100%;\n    -webkit-mask-position: 100% 0;\n\n    animation:\n        outlineAnim 12s cubic-bezier(0.4, 0, 0.2, 1) infinite,\n        rainbowMove 8s linear infinite;\n}\n\n\/* \ud83d\udd25 FILL *\/\n.fill {\n    -webkit-background-clip: text;\n    -webkit-text-fill-color: transparent;\n\n    z-index: 2;\n    opacity: 0;\n\n    -webkit-mask-image: linear-gradient(\n        to right,\n        transparent 0%,\n        black 10%,\n        black 90%,\n        transparent 100%\n    );\n\n    -webkit-mask-size: 200% 100%;\n    -webkit-mask-position: 100% 0;\n\n    animation:\n        fillAnim 12s cubic-bezier(0.4, 0, 0.2, 1) infinite,\n        rainbowMove 8s linear infinite;\n}\n\n\/* ANIMATION *\/\n@keyframes outlineAnim {\n    0%   { -webkit-mask-position: 100% 0; opacity: 0; }\n    15%  { -webkit-mask-position: 0% 0; opacity: 1; }\n    70%  { -webkit-mask-position: 0% 0; opacity: 1; }\n    100% { -webkit-mask-position: -100% 0; opacity: 0; }\n}\n\n@keyframes fillAnim {\n    0%   { opacity: 0; -webkit-mask-position: 100% 0; }\n    20%  { opacity: 1; -webkit-mask-position: 0% 0; }\n    70%  { opacity: 1; -webkit-mask-position: 0% 0; }\n    100% { opacity: 0; -webkit-mask-position: -100% 0; }\n}\n\n\/* \ud83c\udf08 Rainbow *\/\n@keyframes rainbowMove {\n    0%   { background-position: 0% 50%; }\n    100% { background-position: 200% 50%; }\n}\n\n\/* \ud83d\udcf1 MOBILE OPTIMIERUNG *\/\n@media (max-width: 600px) {\n    .text {\n        font-size: clamp(36px, 10vw, 60px);\n        letter-spacing: 1px;\n        white-space: normal;\n        line-height: 1.2;\n    }\n}\n<\/style>\t\t\t\t<\/div>\n\t\t\t\t<div class=\"elementor-element elementor-element-427e4ea elementor-hidden-tablet elementor-hidden-mobile elementor-widget elementor-widget-spacer\" data-id=\"427e4ea\" data-element_type=\"widget\" data-e-type=\"widget\" data-widget_type=\"spacer.default\">\n\t\t\t\t\t\t\t<div class=\"elementor-spacer\">\n\t\t\t<div class=\"elementor-spacer-inner\"><\/div>\n\t\t<\/div>\n\t\t\t\t\t\t<\/div>\n\t\t<div class=\"elementor-element elementor-element-24b5b16 e-con-full e-flex e-con e-child\" data-id=\"24b5b16\" data-element_type=\"container\" data-e-type=\"container\">\n\t\t\t\t<div class=\"elementor-element elementor-element-cac2344 elementor-arrows-position-outside elementor-pagination-position-outside elementor-widget elementor-widget-image-carousel\" data-id=\"cac2344\" data-element_type=\"widget\" data-e-type=\"widget\" data-settings=\"{&quot;navigation&quot;:&quot;both&quot;,&quot;autoplay&quot;:&quot;yes&quot;,&quot;pause_on_hover&quot;:&quot;yes&quot;,&quot;pause_on_interaction&quot;:&quot;yes&quot;,&quot;autoplay_speed&quot;:5000,&quot;infinite&quot;:&quot;yes&quot;,&quot;speed&quot;:500}\" data-widget_type=\"image-carousel.default\">\n\t\t\t\t\t\t\t<div class=\"elementor-image-carousel-wrapper swiper\" role=\"region\" aria-roledescription=\"carousel\" aria-label=\"Image Carousel\" dir=\"ltr\">\n\t\t\t<div class=\"elementor-image-carousel swiper-wrapper\" aria-live=\"off\">\n\t\t\t\t\t\t\t\t<div class=\"swiper-slide\" role=\"group\" aria-roledescription=\"slide\" aria-label=\"1 of 4\"><figure class=\"swiper-slide-inner\"><img decoding=\"async\" class=\"swiper-slide-image\" src=\"https:\/\/quiltloft.ch\/cms\/wp-content\/uploads\/2026\/03\/ChatGPT-Image-26.-Maerz-2026-09_-300x300.png\" alt=\"Matterhorn\" \/><figcaption class=\"elementor-image-carousel-caption\">Matterhorn<\/figcaption><\/figure><\/div><div class=\"swiper-slide\" role=\"group\" aria-roledescription=\"slide\" aria-label=\"2 of 4\"><figure class=\"swiper-slide-inner\"><img decoding=\"async\" class=\"swiper-slide-image\" src=\"https:\/\/quiltloft.ch\/cms\/wp-content\/uploads\/2026\/03\/ChatGPT-Image-26.-Maerz-2026-10_1-300x300.png\" alt=\"S\u00e4ntis\" \/><figcaption class=\"elementor-image-carousel-caption\">S\u00e4ntis<\/figcaption><\/figure><\/div><div class=\"swiper-slide\" role=\"group\" aria-roledescription=\"slide\" aria-label=\"3 of 4\"><figure class=\"swiper-slide-inner\"><img decoding=\"async\" class=\"swiper-slide-image\" src=\"https:\/\/quiltloft.ch\/cms\/wp-content\/uploads\/2026\/03\/ChatGPT-Image-26.-Maerz-2026-10_2-300x300.png\" alt=\"T\u00e4ler\" \/><figcaption class=\"elementor-image-carousel-caption\">T\u00e4ler<\/figcaption><\/figure><\/div><div class=\"swiper-slide\" role=\"group\" aria-roledescription=\"slide\" aria-label=\"4 of 4\"><figure class=\"swiper-slide-inner\"><img decoding=\"async\" class=\"swiper-slide-image\" src=\"https:\/\/quiltloft.ch\/cms\/wp-content\/uploads\/2026\/03\/ChatGPT-Image-26.-Maerz-2026-10_3-300x300.png\" alt=\"Schweiz\" \/><figcaption class=\"elementor-image-carousel-caption\">Schweiz<\/figcaption><\/figure><\/div>\t\t\t<\/div>\n\t\t\t\t\t\t\t\t\t\t\t\t<div class=\"elementor-swiper-button elementor-swiper-button-prev\" role=\"button\" tabindex=\"0\">\n\t\t\t\t\t\t<svg aria-hidden=\"true\" class=\"e-font-icon-svg e-fas-chevron-left\" viewBox=\"0 0 320 512\" xmlns=\"http:\/\/www.w3.org\/2000\/svg\"><path d=\"M34.52 239.03L228.87 44.69c9.37-9.37 24.57-9.37 33.94 0l22.67 22.67c9.36 9.36 9.37 24.52.04 33.9L131.49 256l154.02 154.75c9.34 9.38 9.32 24.54-.04 33.9l-22.67 22.67c-9.37 9.37-24.57 9.37-33.94 0L34.52 272.97c-9.37-9.37-9.37-24.57 0-33.94z\"><\/path><\/svg>\t\t\t\t\t<\/div>\n\t\t\t\t\t<div class=\"elementor-swiper-button elementor-swiper-button-next\" role=\"button\" tabindex=\"0\">\n\t\t\t\t\t\t<svg aria-hidden=\"true\" class=\"e-font-icon-svg e-fas-chevron-right\" viewBox=\"0 0 320 512\" xmlns=\"http:\/\/www.w3.org\/2000\/svg\"><path d=\"M285.476 272.971L91.132 467.314c-9.373 9.373-24.569 9.373-33.941 0l-22.667-22.667c-9.357-9.357-9.375-24.522-.04-33.901L188.505 256 34.484 101.255c-9.335-9.379-9.317-24.544.04-33.901l22.667-22.667c9.373-9.373 24.569-9.373 33.941 0L285.475 239.03c9.373 9.372 9.373 24.568.001 33.941z\"><\/path><\/svg>\t\t\t\t\t<\/div>\n\t\t\t\t\n\t\t\t\t\t\t\t\t\t<div class=\"swiper-pagination\"><\/div>\n\t\t\t\t\t\t\t\t\t<\/div>\n\t\t\t\t\t\t<\/div>\n\t\t\t\t<div class=\"elementor-element elementor-element-d3fd5dd elementor-arrows-position-outside elementor-pagination-position-outside elementor-widget elementor-widget-image-carousel\" data-id=\"d3fd5dd\" data-element_type=\"widget\" data-e-type=\"widget\" data-settings=\"{&quot;navigation&quot;:&quot;both&quot;,&quot;autoplay&quot;:&quot;yes&quot;,&quot;pause_on_hover&quot;:&quot;yes&quot;,&quot;pause_on_interaction&quot;:&quot;yes&quot;,&quot;autoplay_speed&quot;:5000,&quot;infinite&quot;:&quot;yes&quot;,&quot;speed&quot;:500}\" data-widget_type=\"image-carousel.default\">\n\t\t\t\t\t\t\t<div class=\"elementor-image-carousel-wrapper swiper\" role=\"region\" aria-roledescription=\"carousel\" aria-label=\"Image Carousel\" dir=\"ltr\">\n\t\t\t<div class=\"elementor-image-carousel swiper-wrapper\" aria-live=\"off\">\n\t\t\t\t\t\t\t\t<div class=\"swiper-slide\" role=\"group\" aria-roledescription=\"slide\" aria-label=\"1 of 4\"><figure class=\"swiper-slide-inner\"><img decoding=\"async\" class=\"swiper-slide-image\" src=\"https:\/\/quiltloft.ch\/cms\/wp-content\/uploads\/2026\/03\/ChatGPT-Image-26.-Maerz-2026-09_-300x300.png\" alt=\"Matterhorn\" \/><figcaption class=\"elementor-image-carousel-caption\">Matterhorn<\/figcaption><\/figure><\/div><div class=\"swiper-slide\" role=\"group\" aria-roledescription=\"slide\" aria-label=\"2 of 4\"><figure class=\"swiper-slide-inner\"><img decoding=\"async\" class=\"swiper-slide-image\" src=\"https:\/\/quiltloft.ch\/cms\/wp-content\/uploads\/2026\/03\/ChatGPT-Image-26.-Maerz-2026-10_1-300x300.png\" alt=\"S\u00e4ntis\" \/><figcaption class=\"elementor-image-carousel-caption\">S\u00e4ntis<\/figcaption><\/figure><\/div><div class=\"swiper-slide\" role=\"group\" aria-roledescription=\"slide\" aria-label=\"3 of 4\"><figure class=\"swiper-slide-inner\"><img decoding=\"async\" class=\"swiper-slide-image\" src=\"https:\/\/quiltloft.ch\/cms\/wp-content\/uploads\/2026\/03\/ChatGPT-Image-26.-Maerz-2026-10_2-300x300.png\" alt=\"T\u00e4ler\" \/><figcaption class=\"elementor-image-carousel-caption\">T\u00e4ler<\/figcaption><\/figure><\/div><div class=\"swiper-slide\" role=\"group\" aria-roledescription=\"slide\" aria-label=\"4 of 4\"><figure class=\"swiper-slide-inner\"><img decoding=\"async\" class=\"swiper-slide-image\" src=\"https:\/\/quiltloft.ch\/cms\/wp-content\/uploads\/2026\/03\/ChatGPT-Image-26.-Maerz-2026-10_3-300x300.png\" alt=\"Schweiz\" \/><figcaption class=\"elementor-image-carousel-caption\">Schweiz<\/figcaption><\/figure><\/div>\t\t\t<\/div>\n\t\t\t\t\t\t\t\t\t\t\t\t<div class=\"elementor-swiper-button elementor-swiper-button-prev\" role=\"button\" tabindex=\"0\">\n\t\t\t\t\t\t<svg aria-hidden=\"true\" class=\"e-font-icon-svg e-fas-chevron-left\" viewBox=\"0 0 320 512\" xmlns=\"http:\/\/www.w3.org\/2000\/svg\"><path d=\"M34.52 239.03L228.87 44.69c9.37-9.37 24.57-9.37 33.94 0l22.67 22.67c9.36 9.36 9.37 24.52.04 33.9L131.49 256l154.02 154.75c9.34 9.38 9.32 24.54-.04 33.9l-22.67 22.67c-9.37 9.37-24.57 9.37-33.94 0L34.52 272.97c-9.37-9.37-9.37-24.57 0-33.94z\"><\/path><\/svg>\t\t\t\t\t<\/div>\n\t\t\t\t\t<div class=\"elementor-swiper-button elementor-swiper-button-next\" role=\"button\" tabindex=\"0\">\n\t\t\t\t\t\t<svg aria-hidden=\"true\" class=\"e-font-icon-svg e-fas-chevron-right\" viewBox=\"0 0 320 512\" xmlns=\"http:\/\/www.w3.org\/2000\/svg\"><path d=\"M285.476 272.971L91.132 467.314c-9.373 9.373-24.569 9.373-33.941 0l-22.667-22.667c-9.357-9.357-9.375-24.522-.04-33.901L188.505 256 34.484 101.255c-9.335-9.379-9.317-24.544.04-33.901l22.667-22.667c9.373-9.373 24.569-9.373 33.941 0L285.475 239.03c9.373 9.372 9.373 24.568.001 33.941z\"><\/path><\/svg>\t\t\t\t\t<\/div>\n\t\t\t\t\n\t\t\t\t\t\t\t\t\t<div class=\"swiper-pagination\"><\/div>\n\t\t\t\t\t\t\t\t\t<\/div>\n\t\t\t\t\t\t<\/div>\n\t\t\t\t<\/div>\n\t\t\t\t<div class=\"elementor-element elementor-element-3387b43 elementor-widget elementor-widget-spacer\" data-id=\"3387b43\" data-element_type=\"widget\" data-e-type=\"widget\" data-widget_type=\"spacer.default\">\n\t\t\t\t\t\t\t<div class=\"elementor-spacer\">\n\t\t\t<div class=\"elementor-spacer-inner\"><\/div>\n\t\t<\/div>\n\t\t\t\t\t\t<\/div>\n\t\t\t\t\t<\/div>\n\t\t\t\t<\/div>\n\t\t\t\t<\/div>\n\t\t","protected":false},"excerpt":{"rendered":"<p>QUILTLOFT.CH QUILTLOFT.CH Matterhorn S\u00e4ntis T\u00e4ler Schweiz Matterhorn S\u00e4ntis T\u00e4ler Schweiz<\/p>\n","protected":false},"author":1,"featured_media":0,"parent":0,"menu_order":0,"comment_status":"closed","ping_status":"closed","template":"elementor_header_footer","meta":{"neve_meta_sidebar":"","neve_meta_container":"","neve_meta_enable_content_width":"","neve_meta_content_width":0,"neve_meta_title_alignment":"","neve_meta_author_avatar":"","neve_post_elements_order":"","neve_meta_disable_header":"","neve_meta_disable_footer":"","neve_meta_disable_title":"","footnotes":""},"class_list":["post-20","page","type-page","status-publish","hentry"],"_links":{"self":[{"href":"https:\/\/quiltloft.ch\/cms\/wp-json\/wp\/v2\/pages\/20","targetHints":{"allow":["GET"]}}],"collection":[{"href":"https:\/\/quiltloft.ch\/cms\/wp-json\/wp\/v2\/pages"}],"about":[{"href":"https:\/\/quiltloft.ch\/cms\/wp-json\/wp\/v2\/types\/page"}],"author":[{"embeddable":true,"href":"https:\/\/quiltloft.ch\/cms\/wp-json\/wp\/v2\/users\/1"}],"replies":[{"embeddable":true,"href":"https:\/\/quiltloft.ch\/cms\/wp-json\/wp\/v2\/comments?post=20"}],"version-history":[{"count":13,"href":"https:\/\/quiltloft.ch\/cms\/wp-json\/wp\/v2\/pages\/20\/revisions"}],"predecessor-version":[{"id":240,"href":"https:\/\/quiltloft.ch\/cms\/wp-json\/wp\/v2\/pages\/20\/revisions\/240"}],"wp:attachment":[{"href":"https:\/\/quiltloft.ch\/cms\/wp-json\/wp\/v2\/media?parent=20"}],"curies":[{"name":"wp","href":"https:\/\/api.w.org\/{rel}","templated":true}]}}